{"id":887,"date":"2019-01-24T12:48:57","date_gmt":"2019-01-24T10:48:57","guid":{"rendered":"http:\/\/mobyfit.net\/?page_id=887"},"modified":"2020-12-16T21:24:11","modified_gmt":"2020-12-16T19:24:11","slug":"aufrichtung","status":"publish","type":"page","link":"http:\/\/mobyfit.net\/physiotherapie-kusterdingen\/aufrichtung\/","title":{"rendered":"Aufrichtung"},"content":{"rendered":"<p><img loading=\"lazy\" decoding=\"async\" src=\"http:\/\/mobyfit.net\/wp-content\/uploads\/Hexenschuss_2-230x300.jpg\" alt=\"\" width=\"230\" height=\"300\" class=\"aligncenter size-medium wp-image-924\" srcset=\"http:\/\/mobyfit.net\/wp-content\/uploads\/Hexenschuss_2-230x300.jpg 230w, http:\/\/mobyfit.net\/wp-content\/uploads\/Hexenschuss_2-768x1000.jpg 768w, http:\/\/mobyfit.net\/wp-content\/uploads\/Hexenschuss_2-786x1024.jpg 786w, http:\/\/mobyfit.net\/wp-content\/uploads\/Hexenschuss_2.jpg 800w\" sizes=\"auto, (max-width: 230px) 100vw, 230px\" \/><\/p>\n<p><img loading=\"lazy\" decoding=\"async\" src=\"http:\/\/mobyfit.net\/wp-content\/uploads\/Knie_1-300x261.jpg\" alt=\"\" width=\"300\" height=\"261\" class=\"aligncenter size-medium wp-image-857\" srcset=\"http:\/\/mobyfit.net\/wp-content\/uploads\/Knie_1-300x261.jpg 300w, http:\/\/mobyfit.net\/wp-content\/uploads\/Knie_1-768x668.jpg 768w, http:\/\/mobyfit.net\/wp-content\/uploads\/Knie_1.jpg 800w\" sizes=\"auto, (max-width: 300px) 100vw, 300px\" \/><\/p>\n<p><img loading=\"lazy\" decoding=\"async\" src=\"http:\/\/mobyfit.net\/wp-content\/uploads\/tanz05_cr-215x300.jpg\" alt=\"\" width=\"215\" height=\"300\" class=\"aligncenter size-medium wp-image-704\" srcset=\"http:\/\/mobyfit.net\/wp-content\/uploads\/tanz05_cr-215x300.jpg 215w, http:\/\/mobyfit.net\/wp-content\/uploads\/tanz05_cr-768x1072.jpg 768w, http:\/\/mobyfit.net\/wp-content\/uploads\/tanz05_cr-734x1024.jpg 734w, http:\/\/mobyfit.net\/wp-content\/uploads\/tanz05_cr.jpg 1032w\" sizes=\"auto, (max-width: 215px) 100vw, 215px\" \/><span style=\"font-family: Verdana Pro, sans-serif;\"><span style=\"font-size: large;\">Zauberwort AUFRICHTUNG<\/span><\/span><span style=\"font-family: Verdana Pro, sans-serif;\"><span style=\"font-size: large;\"><img loading=\"lazy\" decoding=\"async\" class=\"alignright wp-image-897 size-medium\" src=\"http:\/\/mobyfit.net\/wp-content\/uploads\/Aufrichtung_1-300x244.jpg\" alt=\"\" width=\"300\" height=\"244\" srcset=\"http:\/\/mobyfit.net\/wp-content\/uploads\/Aufrichtung_1-300x244.jpg 300w, http:\/\/mobyfit.net\/wp-content\/uploads\/Aufrichtung_1-768x625.jpg 768w, http:\/\/mobyfit.net\/wp-content\/uploads\/Aufrichtung_1.jpg 800w\" sizes=\"auto, (max-width: 300px) 100vw, 300px\" \/><\/span><\/span><\/p>\n<p>\u201e<span style=\"font-family: Verdana Pro, sans-serif;\"><span style=\"font-size: large;\">Sitz gerade\u201c &#8211; \u201eGeh aufrecht\u201c<\/span><\/span><\/p>\n<p><span style=\"font-family: Verdana Pro, sans-serif;\"><span style=\"font-size: large;\">Diesen Sound kennen wir von Kindesbeinen an. Meist erst, wenn die Schulbank das Dauersitzen eingef\u00fchrt hat.<\/span><\/span><\/p>\n<p><span style=\"font-family: Verdana Pro, sans-serif;\"><span style=\"font-size: large;\">Heute wird aus vielerlei Blickpunkten von Aufrichtung gesprochen und unterrichtet. F\u00fcr T\u00e4nzer ist das ma\u00dfgeblich. F\u00fcr Sportler, S\u00e4nger und Musiker Pflicht. Aus den fern\u00f6stlichen Bewegungs<\/span><\/span><span style=\"font-family: Verdana Pro, sans-serif;\"><span style=\"font-size: large;\">schul<\/span><\/span><span style=\"font-family: Verdana Pro, sans-serif;\"><span style=\"font-size: large;\">en gibt es genaueste Angaben und Bewegungsrituale zum Bef\u00e4higen von Aufrichtung.<\/span><\/span><\/p>\n<p><span style=\"font-family: Verdana Pro, sans-serif;\"><span style=\"font-size: large;\">Feldenkreis und Dr.Br\u00fcgger gehen von einer, dem Menschen <\/span><\/span><span style=\"font-family: Verdana Pro, sans-serif;\"><span style=\"font-size: large;\">innenwohnenden Aufrichtung aus. Der Eine bezieht sich auf das <\/span><\/span><span style=\"font-family: Verdana Pro, sans-serif;\"><span style=\"font-size: large;\">Bewegungsgef\u00fchl, der Andere auf <\/span><\/span><span style=\"font-family: Verdana Pro, sans-serif;\"><span style=\"font-size: large;\"><img loading=\"lazy\" decoding=\"async\" class=\"alignright wp-image-701 size-medium\" src=\"http:\/\/mobyfit.net\/wp-content\/uploads\/tanz02_cr-215x300.jpg\" alt=\"\" width=\"215\" height=\"300\" srcset=\"http:\/\/mobyfit.net\/wp-content\/uploads\/tanz02_cr-215x300.jpg 215w, http:\/\/mobyfit.net\/wp-content\/uploads\/tanz02_cr-768x1072.jpg 768w, http:\/\/mobyfit.net\/wp-content\/uploads\/tanz02_cr-734x1024.jpg 734w, http:\/\/mobyfit.net\/wp-content\/uploads\/tanz02_cr.jpg 1032w\" sizes=\"auto, (max-width: 215px) 100vw, 215px\" \/><\/span><\/span><span style=\"font-family: Verdana Pro, sans-serif;\"><span style=\"font-size: large;\">Nachweise neurophysiologischer<\/span><\/span><\/p>\n<p><span style=\"font-family: Verdana Pro, sans-serif;\"><span style=\"font-size: large;\">Regelwerke.<\/span><\/span><\/p>\n<p><span style=\"font-family: Verdana Pro, sans-serif;\"><span style=\"font-size: large;\">Wie der Artikel \u201eF\u00fc\u00dfe,F\u00fc\u00dfe\u201c schildert, entwickelt sich die menschliche Aufrichtung tats\u00e4chlich mit den ersten selbstst\u00e4ndigen<\/span><\/span><\/p>\n<p><span style=\"font-family: Verdana Pro, sans-serif;\"><span style=\"font-size: large;\">Bewegungen. Sobald Kinder zu stehen und zu gehen beginnen, ist <\/span><\/span><span style=\"font-family: Verdana Pro, sans-serif;\"><span style=\"font-size: large;\">die Aufrichtung perfekt.<\/span><\/span><\/p>\n<p><span style=\"font-family: Verdana Pro, sans-serif;\"><span style=\"font-size: large;\">Und jetzt kommt das Wichtigste:<\/span><\/span><\/p>\n<p><span style=\"font-family: Verdana Pro, sans-serif;\"><span style=\"font-size: large;\">Unbeeinflu\u00dft, bewahren sich Kinder diese Aufrichtung in allen<\/span><\/span><\/p>\n<p><span style=\"font-family: Verdana Pro, sans-serif;\"><span style=\"font-size: large;\">Bewegungsabl\u00e4ufen. Es geht mit relativ breit gesetzten Beinen.<\/span><\/span><\/p>\n<p><span style=\"font-family: Verdana Pro, sans-serif;\"><span style=\"font-size: large;\">Ein Kind b\u00fcckt sich vor allem bei gerade gehaltenem R\u00fccken und nutzt die Beine wie \u201eWagenheber\u201c durch Beugung von den jeweils 3 Gelenken der H\u00fcften,Knie und F\u00fc\u00dfe. Blitzartig und behende kann es so aufgerichtet wieder aufstehen.<\/span><\/span><\/p>\n<p><span style=\"font-family: Verdana Pro, sans-serif;\"><span style=\"font-size: large;\">Diese Beweglichkeitsnutzung erm\u00f6glicht jederzeit eine komplette <\/span><\/span><span style=\"font-family: Verdana Pro, sans-serif;\"><span style=\"font-size: large;\">Rumpfrotation, was wiederum der gesamten Aufrichtung entgegenkommt, da wir ohne Drehungen keinen Nutzungsradius <\/span><\/span><span style=\"font-family: Verdana Pro, sans-serif;\"><span style=\"font-size: large;\">h\u00e4tten.Gut kann man das beim Klettern beobachten.<\/span><\/span><\/p>\n<p><span style=\"font-family: Verdana Pro, sans-serif;\"><span style=\"font-size: large;\">DREI WICHTIGE GESICHTSPUNKTE<\/span><\/span><\/p>\n<p><span style=\"font-family: Verdana Pro, sans-serif;\"><span style=\"font-size: large;\">1 Wenn alle zur Aufrichtung geh\u00f6renden Muskeln, Sehnen und Gelenke und die alles verbindenden Faszien aufeinander abgestimmt arbeiten, ist der K\u00f6rper st\u00f6rungsfrei und meldet keinen <\/span><\/span><span style=\"font-family: Verdana Pro, sans-serif;\"><span style=\"font-size: large;\">Schmerz.<\/span><\/span><\/p>\n<p><span style=\"font-family: Verdana Pro, sans-serif;\"><span style=\"font-size: large;\">2 Andersrum gesagt: Schmerz entsteht dann, wenn oben geschilderte Abstimmung durch nichts mehr ausgeglichen werden kann.Er ben\u00f6tigt eine gewisse Verschlei\u00dfzeit, bis er sich durch Schmerz m<\/span><\/span><span style=\"font-family: Verdana Pro, sans-serif;\"><span style=\"font-size: large;\">eldet.<\/span><\/span><\/p>\n<p><span style=\"font-family: Verdana Pro, sans-serif;\"><span style=\"font-size: large;\">Wie sinnvoll die k\u00f6rperliche Aufrichtung ist, hoffe ich verst\u00e4ndlich<\/span><\/span><span style=\"font-family: Verdana Pro, sans-serif;\"><span style=\"font-size: large;\">und transparent gemacht zu haben, weil sich vor allem auch <\/span><\/span><span style=\"font-family: Verdana Pro, sans-serif;\"><span style=\"font-size: large;\">die gesamten Arthroseentstehungen darauf zur\u00fcckf\u00fchren lassen.<\/span><\/span><\/p>\n<p><span style=\"font-family: Verdana Pro, sans-serif;\"><span style=\"font-size: large;\">Eben auch unsere, der Arbeit geschuldeten Bewegungen oder <\/span><\/span><span style=\"font-family: Verdana Pro, sans-serif;\"><span style=\"font-size: large;\">Stressbelastungen geh\u00f6ren dazu.<\/span><\/span><\/p>\n<p><span style=\"font-family: Verdana Pro, sans-serif;\"><span style=\"font-size: large;\">DAS L\u00c4SST SICH GUT \u00c4NDERN\u00a0 <\/span><\/span><\/p>\n<p><span style=\"font-family: Verdana Pro, sans-serif;\"><span style=\"font-size: large;\">a Schmerzbeseitung<\/span><\/span><\/p>\n<p><span style=\"font-family: Verdana Pro, sans-serif;\"><span style=\"font-size: large;\">b Ursachenermittlung<\/span><\/span><\/p>\n<p><span style=\"font-family: Verdana Pro, sans-serif;\"><span style=\"font-size: large;\">c Ersetzen von unzutr\u00e4glichen Bewegungsabl\u00e4ufen durch <\/span><\/span><span style=\"font-family: Verdana Pro, sans-serif;\"><span style=\"font-size: large;\">die dem K\u00f6rper innenwohnende Aufrichtung.<\/span><\/span><\/p>\n<p><span style=\"font-family: Verdana Pro, sans-serif;\"><span style=\"font-size: large;\">d \u00dcbertragen des Gelernten in Haushalt und Beruf.<\/span><\/span><\/p>\n<p><span style=\"font-family: Verdana Pro, sans-serif;\"><span style=\"font-size: large;\">c To do Liste K\u00f6rperarbeit:<\/span><\/span><\/p>\n<p><span style=\"font-family: Verdana Pro, sans-serif;\"><span style=\"font-size: large;\">Wann und wo dehne ich, gehe richtig, laufe ich, mache ich <\/span><\/span><span style=\"font-family: Verdana Pro, sans-serif;\"><span style=\"font-size: large;\">korrektes Krafttraining oder gehe Schwimmen.<\/span><\/span><\/p>\n<p><span style=\"font-family: Verdana Pro, sans-serif;\"><span style=\"font-size: large;\">Bitte diesen Punk von Ihrem Physio absegnen lassen, da Fitnessangebote nicht automatisch medizinisch funktionellem <\/span><\/span><span style=\"font-family: Verdana Pro, sans-serif;\"><span style=\"font-size: large;\">Denken entsprechen.<\/span><\/span><\/p>\n","protected":false},"excerpt":{"rendered":"<p>Zauberwort AUFRICHTUNG \u201eSitz gerade\u201c &#8211; \u201eGeh aufrecht\u201c Diesen Sound kennen wir von Kindesbeinen an. Meist erst, wenn die Schulbank das Dauersitzen eingef\u00fchrt hat. Heute wird aus vielerlei Blickpunkten von Aufrichtung gesprochen und unterrichtet. F\u00fcr T\u00e4nzer ist das ma\u00dfgeblich. F\u00fcr Sportler, S\u00e4nger und Musiker Pflicht. Aus den fern\u00f6stlichen Bewegungsschulen gibt es genaueste Angaben und Bewegungsrituale zum [&hellip;]<\/p>\n","protected":false},"author":7,"featured_media":0,"parent":0,"menu_order":0,"comment_status":"closed","ping_status":"closed","template":"","meta":{"footnotes":""},"class_list":["post-887","page","type-page","status-publish","hentry","post"],"_links":{"self":[{"href":"http:\/\/mobyfit.net\/physiotherapie-kusterdingen\/wp-json\/wp\/v2\/pages\/887","targetHints":{"allow":["GET"]}}],"collection":[{"href":"http:\/\/mobyfit.net\/physiotherapie-kusterdingen\/wp-json\/wp\/v2\/pages"}],"about":[{"href":"http:\/\/mobyfit.net\/physiotherapie-kusterdingen\/wp-json\/wp\/v2\/types\/page"}],"author":[{"embeddable":true,"href":"http:\/\/mobyfit.net\/physiotherapie-kusterdingen\/wp-json\/wp\/v2\/users\/7"}],"replies":[{"embeddable":true,"href":"http:\/\/mobyfit.net\/physiotherapie-kusterdingen\/wp-json\/wp\/v2\/comments?post=887"}],"version-history":[{"count":0,"href":"http:\/\/mobyfit.net\/physiotherapie-kusterdingen\/wp-json\/wp\/v2\/pages\/887\/revisions"}],"wp:attachment":[{"href":"http:\/\/mobyfit.net\/physiotherapie-kusterdingen\/wp-json\/wp\/v2\/media?parent=887"}],"curies":[{"name":"wp","href":"https:\/\/api.w.org\/{rel}","templated":true}]}}