{"id":73,"date":"2017-06-12T18:10:07","date_gmt":"2017-06-12T16:10:07","guid":{"rendered":"http:\/\/mobyfit.net\/?page_id=73"},"modified":"2020-12-07T18:29:41","modified_gmt":"2020-12-07T16:29:41","slug":"biografisches","status":"publish","type":"page","link":"http:\/\/mobyfit.net\/physiotherapie-kusterdingen\/impressum\/biografisches\/","title":{"rendered":"Biografisches"},"content":{"rendered":"<div id=\"pl-73\"  class=\"panel-layout\" ><div id=\"pg-73-0\"  class=\"panel-grid panel-no-style\" ><div id=\"pgc-73-0-0\"  class=\"panel-grid-cell\" ><div id=\"panel-73-0-0-0\" class=\"so-panel widget widget_black-studio-tinymce widget_black_studio_tinymce panel-first-child panel-last-child\" data-index=\"0\" ><div class=\"textwidget\"><p style=\"text-align: justify;\"><img loading=\"lazy\" decoding=\"async\" class=\"alignleft size-full wp-image-76\" src=\"http:\/\/mobyfit.net\/wp-content\/uploads\/bio.png\" alt=\"\" width=\"400\" height=\"333\" srcset=\"http:\/\/mobyfit.net\/wp-content\/uploads\/bio.png 400w, http:\/\/mobyfit.net\/wp-content\/uploads\/bio-300x250.png 300w\" sizes=\"auto, (max-width: 400px) 100vw, 400px\" \/>Im Herzen Schwabens geboren, wohne ich als neugierige Globetrotterin immer noch nahe bei T\u00fcbingen.<\/p>\n<p style=\"text-align: justify;\">Medizin, Kultur, Sprachen, sowie die tiefgr\u00fcndige Suche und Sehnsucht nach Sinnhaftigkeit, haben mich durch zahlreiche Erfahrungs- und Wissensgebiete gef\u00fchrt.<\/p>\n<p style=\"text-align: justify;\">Mein wesentliches Bestreben war stets Dogmen zu hinterfragen und an die Wahrheit idividuellen Seins zu gelangen.<\/p>\n<p style=\"text-align: justify;\">So habe ich mich letztendlich allen universellen Fragen gestellt und geforscht, was denn Leben, Gesundheit und Gl\u00fcck sei.<\/p>\n<p style=\"text-align: justify;\">Heute kann ich sagen, da\u00df es m\u00f6glich ist, ein selbstbestimmtes Leben mit Freude und Erfolg zu kreieren und den umwerfenden Widrigkeiten eine Alternative anzubieten.<\/p>\n<\/div><\/div><\/div><\/div><\/div>","protected":false},"excerpt":{"rendered":"<p>Im Herzen Schwabens geboren, wohne ich als neugierige Globetrotterin immer noch nahe bei T\u00fcbingen.Medizin, Kultur, Sprachen, sowie die tiefgr\u00fcndige Suche und Sehnsucht nach Sinnhaftigkeit, haben mich durch zahlreiche Erfahrungs- und Wissensgebiete gef\u00fchrt.Mein wesentliches Bestreben war stets Dogmen zu hinterfragen und an die Wahrheit idividuellen Seins zu gelangen.So habe ich mich letztendlich allen universellen Fragen gestellt [&hellip;]<\/p>\n","protected":false},"author":7,"featured_media":0,"parent":36,"menu_order":0,"comment_status":"closed","ping_status":"closed","template":"","meta":{"footnotes":""},"class_list":["post-73","page","type-page","status-publish","hentry","post"],"_links":{"self":[{"href":"http:\/\/mobyfit.net\/physiotherapie-kusterdingen\/wp-json\/wp\/v2\/pages\/73","targetHints":{"allow":["GET"]}}],"collection":[{"href":"http:\/\/mobyfit.net\/physiotherapie-kusterdingen\/wp-json\/wp\/v2\/pages"}],"about":[{"href":"http:\/\/mobyfit.net\/physiotherapie-kusterdingen\/wp-json\/wp\/v2\/types\/page"}],"author":[{"embeddable":true,"href":"http:\/\/mobyfit.net\/physiotherapie-kusterdingen\/wp-json\/wp\/v2\/users\/7"}],"replies":[{"embeddable":true,"href":"http:\/\/mobyfit.net\/physiotherapie-kusterdingen\/wp-json\/wp\/v2\/comments?post=73"}],"version-history":[{"count":0,"href":"http:\/\/mobyfit.net\/physiotherapie-kusterdingen\/wp-json\/wp\/v2\/pages\/73\/revisions"}],"up":[{"embeddable":true,"href":"http:\/\/mobyfit.net\/physiotherapie-kusterdingen\/wp-json\/wp\/v2\/pages\/36"}],"wp:attachment":[{"href":"http:\/\/mobyfit.net\/physiotherapie-kusterdingen\/wp-json\/wp\/v2\/media?parent=73"}],"curies":[{"name":"wp","href":"https:\/\/api.w.org\/{rel}","templated":true}]}}