{"id":519,"date":"2017-07-10T10:48:27","date_gmt":"2017-07-10T08:48:27","guid":{"rendered":"http:\/\/mobyfit.net\/?page_id=519"},"modified":"2017-07-10T10:48:27","modified_gmt":"2017-07-10T08:48:27","slug":"barfuss-schuh-training","status":"publish","type":"page","link":"http:\/\/mobyfit.net\/physiotherapie-kusterdingen\/barfuss-schuh-training\/","title":{"rendered":"Barfu\u00df Schuh Training"},"content":{"rendered":"<div id=\"pl-519\"  class=\"panel-layout\" ><div id=\"pg-519-0\"  class=\"panel-grid panel-no-style\" ><div id=\"pgc-519-0-0\"  class=\"panel-grid-cell\" ><div id=\"panel-519-0-0-0\" class=\"so-panel widget widget_black-studio-tinymce widget_black_studio_tinymce panel-first-child panel-last-child\" data-index=\"0\" ><div class=\"textwidget\"><p>Barfu\u00dflaufen ist nicht gleich Barfu\u00dflaufen.\u00a0Die Bewegungsmuster oder angelernten schmerzverursachenden Bewegungsabl\u00e4ufe\u00a0sollten auch mit barefoot Schuhen \u00fcberdacht\u00a0und verbessert werden.<\/p>\n<p>Weil: HIER F\u00c4NGT ALLES\u00a0AN, WAS SICH SP\u00c4TER ALS \u00dcBELT\u00c4TER SCHMERZ\u00a0ZEIGEN KANN.<\/p>\n<p>Melden Sie sich mit Ihren neuen Schuhen und\u00a0\u00f6ffnen Sie sich f\u00fcr einen, f\u00fcr Sie Gewinn bringenden\u00a0Umgang damit.<\/p>\n<\/div><\/div><\/div><\/div><\/div>","protected":false},"excerpt":{"rendered":"<p>Barfu\u00dflaufen ist nicht gleich Barfu\u00dflaufen.\u00a0Die Bewegungsmuster oder angelernten schmerzverursachenden Bewegungsabl\u00e4ufe\u00a0sollten auch mit barefoot Schuhen \u00fcberdacht\u00a0und verbessert werden.Weil: HIER F\u00c4NGT ALLES\u00a0AN, WAS SICH SP\u00c4TER ALS \u00dcBELT\u00c4TER SCHMERZ\u00a0ZEIGEN KANN.Melden Sie sich mit Ihren neuen Schuhen und\u00a0\u00f6ffnen Sie sich f\u00fcr einen, f\u00fcr Sie Gewinn bringenden\u00a0Umgang damit.<\/p>\n","protected":false},"author":7,"featured_media":0,"parent":0,"menu_order":0,"comment_status":"closed","ping_status":"closed","template":"","meta":{"footnotes":""},"class_list":["post-519","page","type-page","status-publish","hentry","post"],"_links":{"self":[{"href":"http:\/\/mobyfit.net\/physiotherapie-kusterdingen\/wp-json\/wp\/v2\/pages\/519","targetHints":{"allow":["GET"]}}],"collection":[{"href":"http:\/\/mobyfit.net\/physiotherapie-kusterdingen\/wp-json\/wp\/v2\/pages"}],"about":[{"href":"http:\/\/mobyfit.net\/physiotherapie-kusterdingen\/wp-json\/wp\/v2\/types\/page"}],"author":[{"embeddable":true,"href":"http:\/\/mobyfit.net\/physiotherapie-kusterdingen\/wp-json\/wp\/v2\/users\/7"}],"replies":[{"embeddable":true,"href":"http:\/\/mobyfit.net\/physiotherapie-kusterdingen\/wp-json\/wp\/v2\/comments?post=519"}],"version-history":[{"count":0,"href":"http:\/\/mobyfit.net\/physiotherapie-kusterdingen\/wp-json\/wp\/v2\/pages\/519\/revisions"}],"wp:attachment":[{"href":"http:\/\/mobyfit.net\/physiotherapie-kusterdingen\/wp-json\/wp\/v2\/media?parent=519"}],"curies":[{"name":"wp","href":"https:\/\/api.w.org\/{rel}","templated":true}]}}