{"id":425,"date":"2017-06-28T12:39:06","date_gmt":"2017-06-28T10:39:06","guid":{"rendered":"http:\/\/mobyfit.net\/?page_id=425"},"modified":"2017-07-10T14:54:05","modified_gmt":"2017-07-10T12:54:05","slug":"metabolic-typing","status":"publish","type":"page","link":"http:\/\/mobyfit.net\/physiotherapie-kusterdingen\/metabolic-typing\/","title":{"rendered":"Metabolic Typing"},"content":{"rendered":"<div id=\"pl-425\"  class=\"panel-layout\" ><div id=\"pg-425-0\"  class=\"panel-grid panel-no-style\" ><div id=\"pgc-425-0-0\"  class=\"panel-grid-cell\" ><div id=\"panel-425-0-0-0\" class=\"so-panel widget widget_black-studio-tinymce widget_black_studio_tinymce panel-first-child panel-last-child\" data-index=\"0\" ><div class=\"textwidget\"><p><img loading=\"lazy\" decoding=\"async\" class=\"aligncenter wp-image-382\" src=\"http:\/\/mobyfit.net\/wp-content\/uploads\/bemer.png\" alt=\"\" width=\"133\" height=\"500\" srcset=\"http:\/\/mobyfit.net\/wp-content\/uploads\/bemer.png 205w, http:\/\/mobyfit.net\/wp-content\/uploads\/bemer-80x300.png 80w\" sizes=\"auto, (max-width: 133px) 100vw, 133px\" \/><\/p>\n<\/div><\/div><\/div><div id=\"pgc-425-0-1\"  class=\"panel-grid-cell\" ><div id=\"panel-425-0-1-0\" class=\"so-panel widget widget_black-studio-tinymce widget_black_studio_tinymce panel-first-child panel-last-child\" data-index=\"1\" ><div class=\"textwidget\"><h2>Das alles verbirgt sich hinter dem Wort \u201eMETABOLIC TYPING\u201c<\/h2>\n<ul>\n<li>NAHRUNG<\/li>\n<li>PFUNDE<\/li>\n<li>VERDAUUNG<\/li>\n<li>VERBRENNUNGSTYP<\/li>\n<li>DR\u00dcSENTYP<\/li>\n<li>K\u00d6RPERBAU<\/li>\n<li>BLUTGRUPPE<\/li>\n<li>K\u00d6RPERW\u00c4RME<\/li>\n<li>KRAFT<\/li>\n<li>ANTRIEB<\/li>\n<li>RUHE<\/li>\n<li>DURCHHALTEVERM\u00d6GEN<\/li>\n<li>WISSEN<\/li>\n<li>UMSETZUNG<\/li>\n<\/ul>\n<p>\u00a0<\/p>\n<\/div><\/div><\/div><\/div><div id=\"pg-425-1\"  class=\"panel-grid panel-no-style\" ><div id=\"pgc-425-1-0\"  class=\"panel-grid-cell\" ><div id=\"panel-425-1-0-0\" class=\"so-panel widget widget_black-studio-tinymce widget_black_studio_tinymce panel-first-child panel-last-child\" data-index=\"2\" ><div class=\"textwidget\"><h2><strong>Darunter ist folgendes zu verstehen:<\/strong><\/h2>\n<p>Anhand von Ihren Gewohnheiten, Ihrer Statur, Ihren K\u00f6rpermerkmalen, Ihren organischen Funktionen, Ihrem Gebaren, Ihrem Verhalten und Ihren ganz pers\u00f6nlichen Lebenshandhabungen ermitteln wir Ihren individuellen Stoffwechselstandard. Anonym.<\/p>\n<p>Das ist wie mit einem ganz bestimmten Moped, das eine ganz eigene Bauweise mit eigenem Zubeh\u00f6r und eigener Verbrennungsweise hat, demzufolge eine exakte Benzin-\u00d6l-Mischung erhalten muss, damit es optimal verbrennt und reibungslos l\u00e4uft.<\/p>\n<p>Dass hier ausschlie\u00dflich Ihnen als Individuum Rechnung getragen wird und keine Ern\u00e4hrungslehren und Di\u00e4ten in Frage kommen, ist der Schl\u00fcssel dazu, dass Metabolic typing funktioniert und demzufolge Ihr Stoffwechsel und alle o.g. Merkmale.<\/p>\n<p>Aber: ohne Arbeit geht\u2018s nicht - jedoch kann ich Ihnen dabei ein bisschen helfen.<\/p>\n<p>Kosten: 190 Euro.<\/p>\n<p>Bei derzeit krankheitsbedingten hohen \ufb01nanziellen Belastungen nach Vereinbarung.<\/p>\n<p>Es muss keine weitere Beratung erfolgen, weil die Expertise, die Sie erhalten, alle Fragen beantwortet.\u00a0Sollte Hilfe gegeben werden, tu ich das.<\/p>\n<p>Beate Simon <br \/>Bleichstr. 8<br \/>72127 Kusterdingen<br \/>Tel.: 07071-36235<\/p>\n<\/div><\/div><\/div><\/div><\/div>","protected":false},"excerpt":{"rendered":"<p>Das alles verbirgt sich hinter dem Wort \u201eMETABOLIC TYPING\u201cNAHRUNGPFUNDEVERDAUUNGVERBRENNUNGSTYPDR\u00dcSENTYPK\u00d6RPERBAUBLUTGRUPPEK\u00d6RPERW\u00c4RMEKRAFTANTRIEBRUHEDURCHHALTEVERM\u00d6GENWISSENUMSETZUNG\u00a0 Darunter ist folgendes zu verstehen:Anhand von Ihren Gewohnheiten, Ihrer Statur, Ihren K\u00f6rpermerkmalen, Ihren organischen Funktionen, Ihrem Gebaren, Ihrem Verhalten und Ihren ganz pers\u00f6nlichen Lebenshandhabungen ermitteln wir Ihren individuellen Stoffwechselstandard. Anonym.Das ist wie mit einem ganz bestimmten Moped, das eine ganz eigene Bauweise mit eigenem Zubeh\u00f6r und [&hellip;]<\/p>\n","protected":false},"author":7,"featured_media":0,"parent":0,"menu_order":0,"comment_status":"closed","ping_status":"closed","template":"","meta":{"footnotes":""},"class_list":["post-425","page","type-page","status-publish","hentry","post"],"_links":{"self":[{"href":"http:\/\/mobyfit.net\/physiotherapie-kusterdingen\/wp-json\/wp\/v2\/pages\/425","targetHints":{"allow":["GET"]}}],"collection":[{"href":"http:\/\/mobyfit.net\/physiotherapie-kusterdingen\/wp-json\/wp\/v2\/pages"}],"about":[{"href":"http:\/\/mobyfit.net\/physiotherapie-kusterdingen\/wp-json\/wp\/v2\/types\/page"}],"author":[{"embeddable":true,"href":"http:\/\/mobyfit.net\/physiotherapie-kusterdingen\/wp-json\/wp\/v2\/users\/7"}],"replies":[{"embeddable":true,"href":"http:\/\/mobyfit.net\/physiotherapie-kusterdingen\/wp-json\/wp\/v2\/comments?post=425"}],"version-history":[{"count":0,"href":"http:\/\/mobyfit.net\/physiotherapie-kusterdingen\/wp-json\/wp\/v2\/pages\/425\/revisions"}],"wp:attachment":[{"href":"http:\/\/mobyfit.net\/physiotherapie-kusterdingen\/wp-json\/wp\/v2\/media?parent=425"}],"curies":[{"name":"wp","href":"https:\/\/api.w.org\/{rel}","templated":true}]}}