{"id":36,"date":"2015-07-05T18:23:27","date_gmt":"2015-07-05T16:23:27","guid":{"rendered":"http:\/\/mobyfit.net\/?page_id=36"},"modified":"2018-05-27T14:34:24","modified_gmt":"2018-05-27T12:34:24","slug":"impressum","status":"publish","type":"page","link":"http:\/\/mobyfit.net\/physiotherapie-kusterdingen\/impressum\/","title":{"rendered":"Impressum"},"content":{"rendered":"<div id=\"pl-36\"  class=\"panel-layout\" ><div id=\"pg-36-0\"  class=\"panel-grid panel-no-style\" ><div id=\"pgc-36-0-0\"  class=\"panel-grid-cell\" ><div id=\"panel-36-0-0-0\" class=\"so-panel widget widget_black-studio-tinymce widget_black_studio_tinymce panel-first-child panel-last-child\" data-index=\"0\" ><div class=\"textwidget\"><h1>Impressum<\/h1>\n<h2>Angaben gem\u00e4\u00df \u00a7 5 TMG:<\/h2>\n<p>Beate Simon<br \/>\nBleichstr.8<br \/>\n72127 Kusterdingen<\/p>\n<h2>Kontakt:<\/h2>\n<p>Telefon: 07071-36235<\/p>\n<p>Mobil: 07071-1466994<br \/>\noder<br \/>\nMobil: 0176-61826384<\/p>\n<p>E-Mail: mobyfit@gmx.de<\/p>\n<h2>Aufsichtsbeh\u00f6rde:<\/h2>\n<p>Regierungspr\u00e4sidium T\u00fcbingen<br \/>\n72072 T\u00fcbingen<\/p>\n<p><a href=\"https:\/\/rp.baden-wuerttemberg.de\" target=\"_blank\" rel=\"noopener\">https:\/\/rp.baden-wuerttemberg.de<\/a><\/p>\n<h2>Berufsbezeichnung und berufsrechtliche Regelungen<\/h2>\n<p>Berufsbezeichnung: Physiotherapeutin Krankengymnastin<br \/>\nZust\u00e4ndige Kammer: Regierungspr\u00e4sidium T\u00fcbingen<br \/>\nVerliehen durch: Baden W\u00fcrttemberg<br \/>\nEs gelten folgende berufsrechtliche Regelungen: Schweigepflicht, Rezeptpflicht<br \/>\nRegelungen einsehbar unter: <a href=\"https:\/\/www.yumpu.com\/de\/document\/view\/7891295\/berufsordnung-der-physiotherapeuten-zvk\" target=\"_blank\" rel=\"noopener\">https:\/\/www.yumpu.com\/de\/document\/view\/7891295\/berufsordnung-der-physiotherapeuten-zvk<\/a><\/p>\n<h2>Angaben zur Berufshaftpflichtversicherung<\/h2>\n<p>Name und Sitz des Versicherers:<br \/>\nAxa Versicherung AG<br \/>\nPostfach 920145<br \/>\n51151 K\u00f6ln<\/p>\n<p>Geltungsraum der Versicherung: Deutschland<\/p>\n<h2>Streitschlichtung<\/h2>\n<p>Wir sind nicht bereit oder verpflichtet, an Streitbeilegungsverfahren vor einer Verbraucherschlichtungsstelle teilzunehmen.<\/p>\n<h3>Haftung f\u00fcr Inhalte<\/h3>\n<p>Als Diensteanbieter sind wir gem\u00e4\u00df \u00a7 7 Abs.1 TMG f\u00fcr eigene Inhalte auf diesen Seiten nach den allgemeinen Gesetzen verantwortlich. Nach \u00a7\u00a7 8 bis 10 TMG sind wir als Diensteanbieter jedoch nicht verpflichtet, \u00fcbermittelte oder gespeicherte fremde Informationen zu \u00fcberwachen oder nach Umst\u00e4nden zu forschen, die auf eine rechtswidrige T\u00e4tigkeit hinweisen.<\/p>\n<p>Verpflichtungen zur Entfernung oder Sperrung der Nutzung von Informationen nach den allgemeinen Gesetzen bleiben hiervon unber\u00fchrt. Eine diesbez\u00fcgliche Haftung ist jedoch erst ab dem Zeitpunkt der Kenntnis einer konkreten Rechtsverletzung m\u00f6glich. Bei Bekanntwerden von entsprechenden Rechtsverletzungen werden wir diese Inhalte umgehend entfernen.<\/p>\n<h3>Haftung f\u00fcr Links<\/h3>\n<p>Unser Angebot enth\u00e4lt Links zu externen Websites Dritter, auf deren Inhalte wir keinen Einfluss haben. Deshalb k\u00f6nnen wir f\u00fcr diese fremden Inhalte auch keine Gew\u00e4hr \u00fcbernehmen. F\u00fcr die Inhalte der verlinkten Seiten ist stets der jeweilige Anbieter oder Betreiber der Seiten verantwortlich. Die verlinkten Seiten wurden zum Zeitpunkt der Verlinkung auf m\u00f6gliche Rechtsverst\u00f6\u00dfe \u00fcberpr\u00fcft. Rechtswidrige Inhalte waren zum Zeitpunkt der Verlinkung nicht erkennbar.<\/p>\n<p>Eine permanente inhaltliche Kontrolle der verlinkten Seiten ist jedoch ohne konkrete Anhaltspunkte einer Rechtsverletzung nicht zumutbar. Bei Bekanntwerden von Rechtsverletzungen werden wir derartige Links umgehend entfernen.<\/p>\n<h3>Urheberrecht<\/h3>\n<p>Die durch die Seitenbetreiber erstellten Inhalte und Werke auf diesen Seiten unterliegen dem deutschen Urheberrecht. Die Vervielf\u00e4ltigung, Bearbeitung, Verbreitung und jede Art der Verwertung au\u00dferhalb der Grenzen des Urheberrechtes bed\u00fcrfen der schriftlichen Zustimmung des jeweiligen Autors bzw. Erstellers. Downloads und Kopien dieser Seite sind nur f\u00fcr den privaten, nicht kommerziellen Gebrauch gestattet.<\/p>\n<p>Soweit die Inhalte auf dieser Seite nicht vom Betreiber erstellt wurden, werden die Urheberrechte Dritter beachtet. Insbesondere werden Inhalte Dritter als solche gekennzeichnet. Sollten Sie trotzdem auf eine Urheberrechtsverletzung aufmerksam werden, bitten wir um einen entsprechenden Hinweis. Bei Bekanntwerden von Rechtsverletzungen werden wir derartige Inhalte umgehend entfernen.<\/p>\n<div>\n<div id=\"tap-translate\"><\/div>\n<\/div>\n<\/div><\/div><\/div><\/div><\/div>","protected":false},"excerpt":{"rendered":"<p>Impressum Angaben gem\u00e4\u00df \u00a7 5 TMG: Beate Simon Bleichstr.8 72127 Kusterdingen Kontakt: Telefon: 07071-36235 Mobil: 07071-1466994 oder Mobil: 0176-61826384 E-Mail: mobyfit@gmx.de Aufsichtsbeh\u00f6rde: Regierungspr\u00e4sidium T\u00fcbingen 72072 T\u00fcbingen https:\/\/rp.baden-wuerttemberg.de Berufsbezeichnung und berufsrechtliche Regelungen Berufsbezeichnung: Physiotherapeutin Krankengymnastin Zust\u00e4ndige Kammer: Regierungspr\u00e4sidium T\u00fcbingen Verliehen durch: Baden W\u00fcrttemberg Es gelten folgende berufsrechtliche Regelungen: Schweigepflicht, Rezeptpflicht Regelungen einsehbar unter: https:\/\/www.yumpu.com\/de\/document\/view\/7891295\/berufsordnung-der-physiotherapeuten-zvk Angaben zur [&hellip;]<\/p>\n","protected":false},"author":7,"featured_media":0,"parent":0,"menu_order":0,"comment_status":"closed","ping_status":"open","template":"templates\/template-full.php","meta":{"footnotes":""},"class_list":["post-36","page","type-page","status-publish","hentry","post"],"_links":{"self":[{"href":"http:\/\/mobyfit.net\/physiotherapie-kusterdingen\/wp-json\/wp\/v2\/pages\/36","targetHints":{"allow":["GET"]}}],"collection":[{"href":"http:\/\/mobyfit.net\/physiotherapie-kusterdingen\/wp-json\/wp\/v2\/pages"}],"about":[{"href":"http:\/\/mobyfit.net\/physiotherapie-kusterdingen\/wp-json\/wp\/v2\/types\/page"}],"author":[{"embeddable":true,"href":"http:\/\/mobyfit.net\/physiotherapie-kusterdingen\/wp-json\/wp\/v2\/users\/7"}],"replies":[{"embeddable":true,"href":"http:\/\/mobyfit.net\/physiotherapie-kusterdingen\/wp-json\/wp\/v2\/comments?post=36"}],"version-history":[{"count":0,"href":"http:\/\/mobyfit.net\/physiotherapie-kusterdingen\/wp-json\/wp\/v2\/pages\/36\/revisions"}],"wp:attachment":[{"href":"http:\/\/mobyfit.net\/physiotherapie-kusterdingen\/wp-json\/wp\/v2\/media?parent=36"}],"curies":[{"name":"wp","href":"https:\/\/api.w.org\/{rel}","templated":true}]}}