{"id":357,"date":"2017-06-27T12:02:47","date_gmt":"2017-06-27T10:02:47","guid":{"rendered":"http:\/\/mobyfit.net\/?page_id=357"},"modified":"2017-07-10T10:28:54","modified_gmt":"2017-07-10T08:28:54","slug":"reflektorische-schmerztherapie-nach-dr-med-a-bruegger","status":"publish","type":"page","link":"http:\/\/mobyfit.net\/physiotherapie-kusterdingen\/physiotherapie\/reflektorische-schmerztherapie-nach-dr-med-a-bruegger\/","title":{"rendered":"Reflektorische Schmerztherapie nach Dr. med. A. Br\u00fcgger"},"content":{"rendered":"<div id=\"pl-357\"  class=\"panel-layout\" ><div id=\"pg-357-0\"  class=\"panel-grid panel-no-style\" ><div id=\"pgc-357-0-0\"  class=\"panel-grid-cell\" ><div id=\"panel-357-0-0-0\" class=\"so-panel widget widget_black-studio-tinymce widget_black_studio_tinymce panel-first-child\" data-index=\"0\" ><div class=\"panel-widget-style panel-widget-style-for-357-0-0-0\" ><div class=\"textwidget\"><ol>\n<li>Ermittlung der Schmerzursachen\n<\/li>\n<li>Therapieplan entsprechend der individuellen K\u00f6rpergeschichte\n<\/li>\n<li>Ausgangspunkt ist das jeweilige\u00a0<span style=\"line-height: inherit;\">pers\u00f6nliche Bewegungsverhalten, das als\u00a0<\/span><span style=\"line-height: inherit;\">Grundlage zur Verbesserung oder Ver\u00e4nderung der Bewegungsgewohnheiten\u00a0<\/span><span style=\"line-height: inherit;\">dient.<\/span><\/li>\n<li>Regulierung aller schmerzhaften Strukturen wie Muskeln, Sehnen, B\u00e4nder,\u00a0Bindegewebe und Nerven.<\/li>\n<li>Ziel ist, die K\u00f6rperaufrichtung wieder zu\u00a0erm\u00f6glichen und dadurch dem Schmerz\u00a0keine Signalwirkungen mehr zu geben.<\/li>\n<li>Ma\u00dfnahmen sind Manualtechniken, hei\u00dfe\u00a0Rollen, Friktionen, Entstauungen, tiefe Massagen, Dehnungstechniken (u.a.Faszienrolle), Bewegungsumstimmung durch Training und Bewu\u00dftmachen der pers\u00f6nlichen Art, den K\u00f6rper zu bewegen.<\/li>\n<li>Weiterf\u00fchrende Ma\u00dfnahmen zur Rehabilitation und Pr\u00e4vention sind:<br \/>FitnesstanzR\u00fcckenschule im Wald<br \/>Barefoot Schuh Training<br \/>Faszienyoga und Umgang mit der Faszienrolle<\/li>\n<\/ol>\n<\/div><\/div><\/div><div id=\"panel-357-0-0-1\" class=\"so-panel widget widget_black-studio-tinymce widget_black_studio_tinymce\" data-index=\"1\" ><div class=\"textwidget\"><h2>Br\u00fcggertherapie in Kusterdingen<\/h2>\n<p style=\"text-align: justify;\">Sie beruht auf umfangreichen wissenschaftlichen Forschungsergebnissen, die Dr. Alois Br\u00fcgger \u00fcber 50 Jahre geleistet hat. Eine der zentralsten Erkenntnisse besteht aus dem sogenannten nsB....der nozizeptive somatomotorische Blockierungseffekt. Das hei\u00dft, da\u00df jede, auch nicht sp\u00fcrbare Ver\u00e4nderung im K\u00f6rper eine Ver\u00e4nderung der Bewegungsabl\u00e4ufe mit sich bringt, um erstens ein Schutzprogramm aufzubauen und zweitens weitere sch\u00e4digende Bewegungen zu verhindern.<\/p>\n<p style=\"text-align: justify;\">In der Therapie wird also die K\u00f6rperhaltung oder eingeschr\u00e4nkte Funktion nicht aufgebrochen, sondern durch Probebehandlungen herausgefunden, wo die urs\u00e4chlichen Quellen der Haltungsver\u00e4nderungen inclusive ihrer Schmerzen herr\u00fchren.<\/p>\n<p style=\"text-align: justify;\">Erst dann kann Schritt f\u00fcr Schritt behandelt werden.<\/p>\n<p style=\"text-align: justify;\">Manuelle Techniken, Lagerungen, Hitze oder K\u00e4lte, Massagen und aktive Bewegungen sind Bestandteil der Therapie.<br \/>Physiotherapeutische Methoden k\u00f6nnen jederzeit in das Konzept eingebaut werden und h\u00e4ngen vom Zustand des Patienten ab.<\/p>\n<p style=\"text-align: justify;\">Ziel ist Schmerzfreiheit, korrigierte Bewegungsabl\u00e4ufe und ein Bewu\u00dftsein f\u00fcr die Ver\u00e4nderung.<\/p>\n<\/div><\/div><div id=\"panel-357-0-0-2\" class=\"so-panel widget widget_black-studio-tinymce widget_black_studio_tinymce panel-last-child\" data-index=\"2\" ><div class=\"textwidget\"><h2>Schmerz und Bewegung<\/h2>\n<p>Der Schwerpunkt meiner Arbeit\u00a0liegt bei der Vermittlung von Zusammenh\u00e4ngen zwischen\u00a0nat\u00fcrlichen Bewegungsabl\u00e4ufen, die KEINEN SCHMERZ zulassen\u00a0und belastenden oder unnat\u00fcrlichen Bewegungsabl\u00e4ufen, die\u00a0SCHMERZ ERZEUGEN.<\/p>\n<p>Der Gradmesser SCHMERZ tritt dann ein, wenn die nat\u00fcrlichen\u00a0Bewegungen keinen Raum mehr haben.\u00a0Wie schnell und wie stark Schmerz auftaucht ist individuell.<\/p>\n<p>Er kann eine St\u00f6rung oder einen Schaden melden.\u00a0Die frohe Botschaft ist, da\u00df unser aktiver Bewegungsapparat,\u00a0sprich die Muskeln, stets voll wieder herstellbar sind.<\/p>\n<p>Das Wissen und der Einsatz lohnen sich.\u00a0Gebrechlichkeit im h\u00f6heren Lebensalter mu\u00df nicht sein.<\/p>\n<p>Muskeln haben eine hohe Regenerationskraft.<\/p>\n<p>BEATE SIMON<br \/>GANZHEITLICHE PHYSIOTHERAPEUTIN<\/p>\n<\/div><\/div><\/div><\/div><\/div>","protected":false},"excerpt":{"rendered":"<p>Ermittlung der SchmerzursachenTherapieplan entsprechend der individuellen K\u00f6rpergeschichteAusgangspunkt ist das jeweilige\u00a0pers\u00f6nliche Bewegungsverhalten, das als\u00a0Grundlage zur Verbesserung oder Ver\u00e4nderung der Bewegungsgewohnheiten\u00a0dient.Regulierung aller schmerzhaften Strukturen wie Muskeln, Sehnen, B\u00e4nder,\u00a0Bindegewebe und Nerven.Ziel ist, die K\u00f6rperaufrichtung wieder zu\u00a0erm\u00f6glichen und dadurch dem Schmerz\u00a0keine Signalwirkungen mehr zu geben.Ma\u00dfnahmen sind Manualtechniken, hei\u00dfe\u00a0Rollen, Friktionen, Entstauungen, tiefe Massagen, Dehnungstechniken (u.a.Faszienrolle), Bewegungsumstimmung durch Training und Bewu\u00dftmachen [&hellip;]<\/p>\n","protected":false},"author":7,"featured_media":0,"parent":196,"menu_order":0,"comment_status":"closed","ping_status":"closed","template":"","meta":{"footnotes":""},"class_list":["post-357","page","type-page","status-publish","hentry","post"],"_links":{"self":[{"href":"http:\/\/mobyfit.net\/physiotherapie-kusterdingen\/wp-json\/wp\/v2\/pages\/357","targetHints":{"allow":["GET"]}}],"collection":[{"href":"http:\/\/mobyfit.net\/physiotherapie-kusterdingen\/wp-json\/wp\/v2\/pages"}],"about":[{"href":"http:\/\/mobyfit.net\/physiotherapie-kusterdingen\/wp-json\/wp\/v2\/types\/page"}],"author":[{"embeddable":true,"href":"http:\/\/mobyfit.net\/physiotherapie-kusterdingen\/wp-json\/wp\/v2\/users\/7"}],"replies":[{"embeddable":true,"href":"http:\/\/mobyfit.net\/physiotherapie-kusterdingen\/wp-json\/wp\/v2\/comments?post=357"}],"version-history":[{"count":0,"href":"http:\/\/mobyfit.net\/physiotherapie-kusterdingen\/wp-json\/wp\/v2\/pages\/357\/revisions"}],"up":[{"embeddable":true,"href":"http:\/\/mobyfit.net\/physiotherapie-kusterdingen\/wp-json\/wp\/v2\/pages\/196"}],"wp:attachment":[{"href":"http:\/\/mobyfit.net\/physiotherapie-kusterdingen\/wp-json\/wp\/v2\/media?parent=357"}],"curies":[{"name":"wp","href":"https:\/\/api.w.org\/{rel}","templated":true}]}}