{"id":280,"date":"2017-06-17T20:05:40","date_gmt":"2017-06-17T18:05:40","guid":{"rendered":"http:\/\/mobyfit.net\/?page_id=280"},"modified":"2017-07-10T13:53:41","modified_gmt":"2017-07-10T11:53:41","slug":"steinheilkunde","status":"publish","type":"page","link":"http:\/\/mobyfit.net\/physiotherapie-kusterdingen\/steinheilkunde\/","title":{"rendered":"Steinheilkunde"},"content":{"rendered":"<div id=\"pl-280\"  class=\"panel-layout\" ><div id=\"pg-280-0\"  class=\"panel-grid panel-no-style\" ><div id=\"pgc-280-0-0\"  class=\"panel-grid-cell\" ><div id=\"panel-280-0-0-0\" class=\"so-panel widget widget_black-studio-tinymce widget_black_studio_tinymce panel-first-child\" data-index=\"0\" ><div class=\"textwidget\"><p><a href=\"http:\/\/mobyfit.net\/wp-content\/uploads\/hilfe.jpg\" rel=\"lightbox\"><img loading=\"lazy\" decoding=\"async\" class=\"alignleft wp-image-347\" src=\"http:\/\/mobyfit.net\/wp-content\/uploads\/hilfe.jpg\" alt=\"\" width=\"257\" height=\"214\" srcset=\"http:\/\/mobyfit.net\/wp-content\/uploads\/hilfe.jpg 400w, http:\/\/mobyfit.net\/wp-content\/uploads\/hilfe-300x250.jpg 300w\" sizes=\"auto, (max-width: 257px) 100vw, 257px\" \/><\/a>Mit dem richtigen Edelstein wird Vieles leichter und durchschaubarer.\u00a0Aber es mu\u00df der Richtige sein. Hier st\u00fctze ich mich auf die Forschungen der Steinheilkunde (Steinheilkunde e.V.).<\/p>\n<p>Mein ganz besonderes Angebot ist die individuelle Edelsteinkette.<\/p>\n<p>Hier ist Ihr Anliegen ausschlaggebend.<\/p>\n<p>Sicher m\u00f6chten Sie eine Preisvorstellung:<\/p>\n<p>Rechnen Sie mit 100,00 - 130,00 Euro.<br \/>Das h\u00e4ngt stark von den Preisen Ihrer Steine ab und auch von der Ermittlungsarbeit.<\/p>\n<\/div><\/div><div id=\"panel-280-0-0-1\" class=\"so-panel widget widget_black-studio-tinymce widget_black_studio_tinymce panel-last-child\" data-index=\"1\" ><div class=\"panel-widget-style panel-widget-style-for-280-0-0-1\" ><div class=\"textwidget\"><p style=\"text-align: center;\"><span style=\"color: #800000;\">Edelsteinketten -\u00a0Selbst gefertigt<\/span><\/p>\n<\/div><\/div><\/div><\/div><\/div><div id=\"pg-280-1\"  class=\"panel-grid panel-no-style\" ><div id=\"pgc-280-1-0\"  class=\"panel-grid-cell\" ><div id=\"panel-280-1-0-0\" class=\"so-panel widget widget_black-studio-tinymce widget_black_studio_tinymce panel-first-child panel-last-child\" data-index=\"2\" ><div class=\"textwidget\"><p><img loading=\"lazy\" decoding=\"async\" class=\"alignleft size-full wp-image-418\" src=\"http:\/\/mobyfit.net\/wp-content\/uploads\/k1b.jpg\" alt=\"\" width=\"264\" height=\"266\" srcset=\"http:\/\/mobyfit.net\/wp-content\/uploads\/k1b.jpg 264w, http:\/\/mobyfit.net\/wp-content\/uploads\/k1b-150x150.jpg 150w\" sizes=\"auto, (max-width: 264px) 100vw, 264px\" \/><\/p>\n<\/div><\/div><\/div><div id=\"pgc-280-1-1\"  class=\"panel-grid-cell\" ><div id=\"panel-280-1-1-0\" class=\"so-panel widget widget_black-studio-tinymce widget_black_studio_tinymce panel-first-child panel-last-child\" data-index=\"3\" ><div class=\"textwidget\"><p>Diese Edelsteinkette gibt Trost und harmonisiert das Gef\u00fchlsleben.<\/p>\n<p>F\u00f6rdert Optimismus und Verarbeitungsf\u00e4higkeit (geistig und stofflich).<\/p>\n<p>Lindert Entt\u00e4uschungen und verhilft zu einer raschen Auffassungsgabe.<\/p>\n<\/div><\/div><\/div><\/div><div id=\"pg-280-2\"  class=\"panel-grid panel-no-style\" ><div id=\"pgc-280-2-0\"  class=\"panel-grid-cell\" ><div id=\"panel-280-2-0-0\" class=\"so-panel widget widget_black-studio-tinymce widget_black_studio_tinymce panel-first-child panel-last-child\" data-index=\"4\" ><div class=\"textwidget\"><p>Diese Edelsteinkette richtet die zentralnerv\u00f6sen hormonellen Steuerungen aus.<\/p>\n<p>Integriert dabei die Schilddr\u00fcse und f\u00f6rdert ungest\u00f6rte Wahrnehmungen.<\/p>\n<p>Hilft zu sein, wer man ist.<\/p>\n<\/div><\/div><\/div><div id=\"pgc-280-2-1\"  class=\"panel-grid-cell\" ><div id=\"panel-280-2-1-0\" class=\"so-panel widget widget_black-studio-tinymce widget_black_studio_tinymce panel-first-child panel-last-child\" data-index=\"5\" ><div class=\"textwidget\"><p><img loading=\"lazy\" decoding=\"async\" class=\"alignright size-full wp-image-400\" src=\"http:\/\/mobyfit.net\/wp-content\/uploads\/k2.jpg\" alt=\"\" width=\"269\" height=\"269\" srcset=\"http:\/\/mobyfit.net\/wp-content\/uploads\/k2.jpg 269w, http:\/\/mobyfit.net\/wp-content\/uploads\/k2-150x150.jpg 150w\" sizes=\"auto, (max-width: 269px) 100vw, 269px\" \/><\/p>\n<\/div><\/div><\/div><\/div><div id=\"pg-280-3\"  class=\"panel-grid panel-no-style\" ><div id=\"pgc-280-3-0\"  class=\"panel-grid-cell\" ><div id=\"panel-280-3-0-0\" class=\"so-panel widget widget_black-studio-tinymce widget_black_studio_tinymce panel-first-child panel-last-child\" data-index=\"6\" ><div class=\"textwidget\"><p><img loading=\"lazy\" decoding=\"async\" class=\"alignleft size-full wp-image-401\" src=\"http:\/\/mobyfit.net\/wp-content\/uploads\/k3.jpg\" alt=\"\" width=\"269\" height=\"268\" srcset=\"http:\/\/mobyfit.net\/wp-content\/uploads\/k3.jpg 269w, http:\/\/mobyfit.net\/wp-content\/uploads\/k3-150x150.jpg 150w\" sizes=\"auto, (max-width: 269px) 100vw, 269px\" \/><\/p>\n<\/div><\/div><\/div><div id=\"pgc-280-3-1\"  class=\"panel-grid-cell\" ><div id=\"panel-280-3-1-0\" class=\"so-panel widget widget_black-studio-tinymce widget_black_studio_tinymce panel-first-child panel-last-child\" data-index=\"7\" ><div class=\"textwidget\"><p>Diese Edelsteinkette reguliert den Blutdruck, kl\u00e4rt Verwirrungen und macht beschwingt.<\/p>\n<p>Hilft vergrabene oder schwierige Dinge zu benennen und zu sagen, was einem auf dem Herzen liegt.<\/p>\n<p>Macht lernf\u00e4hig und mutig mit den eigenen Emotionen umzugehen.<\/p>\n<p>F\u00f6rdert Lymphabflu\u00df, st\u00e4rkt die Nieren, gibt guten erholsamen Schlaf und lindert zahlreiche Beschwerden des Bewegungsapparates.<\/p>\n<\/div><\/div><\/div><\/div><\/div>","protected":false},"excerpt":{"rendered":"<p>Mit dem richtigen Edelstein wird Vieles leichter und durchschaubarer.\u00a0Aber es mu\u00df der Richtige sein. Hier st\u00fctze ich mich auf die Forschungen der Steinheilkunde (Steinheilkunde e.V.).Mein ganz besonderes Angebot ist die individuelle Edelsteinkette.Hier ist Ihr Anliegen ausschlaggebend.Sicher m\u00f6chten Sie eine Preisvorstellung:Rechnen Sie mit 100,00 &#8211; 130,00 Euro.Das h\u00e4ngt stark von den Preisen Ihrer Steine ab und [&hellip;]<\/p>\n","protected":false},"author":7,"featured_media":0,"parent":0,"menu_order":0,"comment_status":"closed","ping_status":"closed","template":"","meta":{"footnotes":""},"class_list":["post-280","page","type-page","status-publish","hentry","post"],"_links":{"self":[{"href":"http:\/\/mobyfit.net\/physiotherapie-kusterdingen\/wp-json\/wp\/v2\/pages\/280","targetHints":{"allow":["GET"]}}],"collection":[{"href":"http:\/\/mobyfit.net\/physiotherapie-kusterdingen\/wp-json\/wp\/v2\/pages"}],"about":[{"href":"http:\/\/mobyfit.net\/physiotherapie-kusterdingen\/wp-json\/wp\/v2\/types\/page"}],"author":[{"embeddable":true,"href":"http:\/\/mobyfit.net\/physiotherapie-kusterdingen\/wp-json\/wp\/v2\/users\/7"}],"replies":[{"embeddable":true,"href":"http:\/\/mobyfit.net\/physiotherapie-kusterdingen\/wp-json\/wp\/v2\/comments?post=280"}],"version-history":[{"count":0,"href":"http:\/\/mobyfit.net\/physiotherapie-kusterdingen\/wp-json\/wp\/v2\/pages\/280\/revisions"}],"wp:attachment":[{"href":"http:\/\/mobyfit.net\/physiotherapie-kusterdingen\/wp-json\/wp\/v2\/media?parent=280"}],"curies":[{"name":"wp","href":"https:\/\/api.w.org\/{rel}","templated":true}]}}