{"id":278,"date":"2017-06-17T20:05:03","date_gmt":"2017-06-17T18:05:03","guid":{"rendered":"http:\/\/mobyfit.net\/?page_id=278"},"modified":"2017-07-10T14:53:00","modified_gmt":"2017-07-10T12:53:00","slug":"bemer-biophysikalische-gefaesstherapie","status":"publish","type":"page","link":"http:\/\/mobyfit.net\/physiotherapie-kusterdingen\/bemer-biophysikalische-gefaesstherapie\/","title":{"rendered":"BEMER biophysikalische Gef\u00e4\u00dftherapie"},"content":{"rendered":"<div id=\"pl-278\"  class=\"panel-layout\" ><div id=\"pg-278-0\"  class=\"panel-grid panel-no-style\" ><div id=\"pgc-278-0-0\"  class=\"panel-grid-cell\" ><div id=\"panel-278-0-0-0\" class=\"so-panel widget widget_black-studio-tinymce widget_black_studio_tinymce panel-first-child panel-last-child\" data-index=\"0\" ><div class=\"textwidget\"><p><a href=\"http:\/\/mobyfit.net\/wp-content\/uploads\/bemer.png\" rel=\"lightbox\"><img loading=\"lazy\" decoding=\"async\" class=\"alignleft wp-image-382 size-full\" src=\"http:\/\/mobyfit.net\/wp-content\/uploads\/bemer.png\" alt=\"\" width=\"205\" height=\"770\" srcset=\"http:\/\/mobyfit.net\/wp-content\/uploads\/bemer.png 205w, http:\/\/mobyfit.net\/wp-content\/uploads\/bemer-80x300.png 80w\" sizes=\"auto, (max-width: 205px) 100vw, 205px\" \/><\/a>Sie sind herzlich eingeladen, umfassende Ausk\u00fcnfte \u00fcber die Anwendung des BEMERS bei mir zu erhalten.<\/p>\n<p>Erst in den letzten Jahren ist es der Wissenschaft gelungen, unsere kleinsten Blutgef\u00e4\u00dfe zu unterst\u00fctzen, die letztendlich hauptverantwortliche Zellversorgung und Zellentsorgung leisten:<\/p>\n<p>eine umfassende therapeutische Grundunterst\u00fctzung, die sowohl Beschwerdefreiheit bewirken kann, als auch ma\u00dfgebliche Entlastung bei schweren Leiden...........das Spektrum der Hilfe ist sehr gro\u00df und darf von jedem \u00fcberpr\u00fcft werden.<\/p>\n<p>2 Zellen unterhalten sich \u00fcber ihre Versorger: \"Hast Du heute schon was gekriegt?\"<\/p>\n<p>\"Nee, mein Boss meldet 20 km Stau vor der M\u00fclldeponie und die Feuerwehr kommt auch nicht durch!\"<\/p>\n<p>BEMER Technologie bietet L\u00f6sungsm\u00f6glichkeiten.<\/p>\n<p>\u00a0<\/p>\n<p>Pressemitteilung der BEMER Group<a href=\"http:\/\/mobyfit.net\/wp-content\/uploads\/pressemitteilung-bemer-11-2011.pdf\" target=\"_blank\" rel=\"noopener\"><img loading=\"lazy\" decoding=\"async\" class=\"alignleft wp-image-455\" src=\"http:\/\/mobyfit.net\/wp-content\/uploads\/pressemitteilung-bemer.png\" alt=\"Pressemitteilung der Bemer Group\" width=\"128\" height=\"170\" srcset=\"http:\/\/mobyfit.net\/wp-content\/uploads\/pressemitteilung-bemer.png 521w, http:\/\/mobyfit.net\/wp-content\/uploads\/pressemitteilung-bemer-227x300.png 227w\" sizes=\"auto, (max-width: 128px) 100vw, 128px\" \/><\/a><\/p>\n<p>\u00a0<\/p>\n<\/div><\/div><\/div><\/div><\/div>","protected":false},"excerpt":{"rendered":"<p>Sie sind herzlich eingeladen, umfassende Ausk\u00fcnfte \u00fcber die Anwendung des BEMERS bei mir zu erhalten.Erst in den letzten Jahren ist es der Wissenschaft gelungen, unsere kleinsten Blutgef\u00e4\u00dfe zu unterst\u00fctzen, die letztendlich hauptverantwortliche Zellversorgung und Zellentsorgung leisten:eine umfassende therapeutische Grundunterst\u00fctzung, die sowohl Beschwerdefreiheit bewirken kann, als auch ma\u00dfgebliche Entlastung bei schweren Leiden&#8230;&#8230;&#8230;..das Spektrum der Hilfe ist [&hellip;]<\/p>\n","protected":false},"author":7,"featured_media":0,"parent":0,"menu_order":0,"comment_status":"closed","ping_status":"closed","template":"","meta":{"footnotes":""},"class_list":["post-278","page","type-page","status-publish","hentry","post"],"_links":{"self":[{"href":"http:\/\/mobyfit.net\/physiotherapie-kusterdingen\/wp-json\/wp\/v2\/pages\/278","targetHints":{"allow":["GET"]}}],"collection":[{"href":"http:\/\/mobyfit.net\/physiotherapie-kusterdingen\/wp-json\/wp\/v2\/pages"}],"about":[{"href":"http:\/\/mobyfit.net\/physiotherapie-kusterdingen\/wp-json\/wp\/v2\/types\/page"}],"author":[{"embeddable":true,"href":"http:\/\/mobyfit.net\/physiotherapie-kusterdingen\/wp-json\/wp\/v2\/users\/7"}],"replies":[{"embeddable":true,"href":"http:\/\/mobyfit.net\/physiotherapie-kusterdingen\/wp-json\/wp\/v2\/comments?post=278"}],"version-history":[{"count":0,"href":"http:\/\/mobyfit.net\/physiotherapie-kusterdingen\/wp-json\/wp\/v2\/pages\/278\/revisions"}],"wp:attachment":[{"href":"http:\/\/mobyfit.net\/physiotherapie-kusterdingen\/wp-json\/wp\/v2\/media?parent=278"}],"curies":[{"name":"wp","href":"https:\/\/api.w.org\/{rel}","templated":true}]}}