{"id":173,"date":"2017-06-16T17:25:17","date_gmt":"2017-06-16T15:25:17","guid":{"rendered":"http:\/\/mobyfit.net\/?page_id=173"},"modified":"2021-03-12T18:02:18","modified_gmt":"2021-03-12T16:02:18","slug":"physiotherapie-kusterdingen","status":"publish","type":"page","link":"http:\/\/mobyfit.net\/physiotherapie-kusterdingen\/","title":{"rendered":"Physiotherapie Kusterdingen"},"content":{"rendered":"<div id=\"pl-173\"  class=\"panel-layout\" ><div id=\"pg-173-0\"  class=\"panel-grid panel-no-style\" ><div id=\"pgc-173-0-0\"  class=\"panel-grid-cell\" ><div id=\"panel-173-0-0-0\" class=\"so-panel widget widget_black-studio-tinymce widget_black_studio_tinymce panel-first-child panel-last-child\" data-index=\"0\" ><div class=\"textwidget\"><h2><img loading=\"lazy\" decoding=\"async\" class=\" wp-image-174 alignleft\" src=\"http:\/\/mobyfit.net\/wp-content\/uploads\/physio1.jpg\" alt=\"\" width=\"338\" height=\"281\" srcset=\"http:\/\/mobyfit.net\/wp-content\/uploads\/physio1.jpg 400w, http:\/\/mobyfit.net\/wp-content\/uploads\/physio1-300x250.jpg 300w\" sizes=\"auto, (max-width: 338px) 100vw, 338px\" \/><\/h2>\n<h2><\/h2>\n<h2><\/h2>\n<h2><\/h2>\n<h2><\/h2>\n<h2><strong>Sie d\u00fcrfen sich dabei wohlf\u00fchlen!<\/strong><\/h2>\n<p style=\"text-align: justify;\">Als ganzheitliche Physiotherapeutin behandele ich immer den gesamten Bewegungsapparat. Der Ort Ihrer Beschwerden oder Erkrankung bleibt im Mittelpunkt der Aufmerksamkeit. Dennoch betrachte ich funktionell immer den ganzen K\u00f6rper und behandele alle Strukturen, die es ben\u00f6tigen: also nicht nur den schmerzhaften Punkt. Daf\u00fcr benutze ich umfassende Massage- und Entstauungstechniken, die der jeweiligen Stoffwechselsituation zu Gute kommen.<br \/>\nMit einem auf Sie abgestimmten Bewegungsprogramm, das sie lernen k\u00f6nnen, flankiere ich Ihren Alltag. Ohne Ver\u00e4nderung in den eigenen Bewegungsabl\u00e4ufen heilt in der Regel nichts. Au\u00dferdem spreche ich mit Ihnen \u00fcber die anstehenden Inhalte und lasse Sie mit Ihren Fragen nicht alleine. Ein optimaler Behandlungszustand entsteht immer dann, wenn Ihr Arzt eine realistische R\u00fcckmeldung bekommt. Das Team Arzt, Patient, Therapeut ist wichtig.<\/p>\n<p style=\"text-align: justify;\"><img loading=\"lazy\" decoding=\"async\" class=\"wp-image-179 alignleft\" src=\"http:\/\/mobyfit.net\/wp-content\/uploads\/physio2.jpg\" alt=\"\" width=\"473\" height=\"167\" srcset=\"http:\/\/mobyfit.net\/wp-content\/uploads\/physio2.jpg 900w, http:\/\/mobyfit.net\/wp-content\/uploads\/physio2-300x106.jpg 300w, http:\/\/mobyfit.net\/wp-content\/uploads\/physio2-768x271.jpg 768w\" sizes=\"auto, (max-width: 473px) 100vw, 473px\" \/><span style=\"background-color: #ff6600;\"><a style=\"background-color: #ff6600;\" href=\"http:\/\/mobyfit.net\/physiotherapie-kusterdingen\/videos\/\"><strong><span style=\"color: #800080;\">Hier gehts zu meinen Videos:<\/span><\/strong><\/a><\/span><\/p>\n<ul>\n<li><span style=\"background-color: #ff6600;\"><strong><span style=\"color: #800080;\">Tanz Dir den Schmerz weg!<\/span><\/strong><\/span><\/li>\n<li><span style=\"background-color: #ff6600;\"><strong><span style=\"color: #800080;\">Physio ist mehr als 15 Minuten<\/span><\/strong><\/span><\/li>\n<li><span style=\"background-color: #ff6600;\"><strong><span style=\"color: #800080;\">Gesundheitssystem: Was l\u00e4uft schief?<\/span><\/strong><\/span><\/li>\n<\/ul>\n<\/div><\/div><\/div><\/div><\/div>","protected":false},"excerpt":{"rendered":"<p>Sie d\u00fcrfen sich dabei wohlf\u00fchlen! Als ganzheitliche Physiotherapeutin behandele ich immer den gesamten Bewegungsapparat. Der Ort Ihrer Beschwerden oder Erkrankung bleibt im Mittelpunkt der Aufmerksamkeit. Dennoch betrachte ich funktionell immer den ganzen K\u00f6rper und behandele alle Strukturen, die es ben\u00f6tigen: also nicht nur den schmerzhaften Punkt. Daf\u00fcr benutze ich umfassende Massage- und Entstauungstechniken, die der [&hellip;]<\/p>\n","protected":false},"author":7,"featured_media":0,"parent":0,"menu_order":0,"comment_status":"closed","ping_status":"closed","template":"","meta":{"footnotes":""},"class_list":["post-173","page","type-page","status-publish","hentry","post"],"_links":{"self":[{"href":"http:\/\/mobyfit.net\/physiotherapie-kusterdingen\/wp-json\/wp\/v2\/pages\/173","targetHints":{"allow":["GET"]}}],"collection":[{"href":"http:\/\/mobyfit.net\/physiotherapie-kusterdingen\/wp-json\/wp\/v2\/pages"}],"about":[{"href":"http:\/\/mobyfit.net\/physiotherapie-kusterdingen\/wp-json\/wp\/v2\/types\/page"}],"author":[{"embeddable":true,"href":"http:\/\/mobyfit.net\/physiotherapie-kusterdingen\/wp-json\/wp\/v2\/users\/7"}],"replies":[{"embeddable":true,"href":"http:\/\/mobyfit.net\/physiotherapie-kusterdingen\/wp-json\/wp\/v2\/comments?post=173"}],"version-history":[{"count":0,"href":"http:\/\/mobyfit.net\/physiotherapie-kusterdingen\/wp-json\/wp\/v2\/pages\/173\/revisions"}],"wp:attachment":[{"href":"http:\/\/mobyfit.net\/physiotherapie-kusterdingen\/wp-json\/wp\/v2\/media?parent=173"}],"curies":[{"name":"wp","href":"https:\/\/api.w.org\/{rel}","templated":true}]}}