{"id":1177,"date":"2020-12-16T21:14:12","date_gmt":"2020-12-16T19:14:12","guid":{"rendered":"http:\/\/mobyfit.net\/physiotherapie-kusterdingen\/?page_id=1177"},"modified":"2020-12-16T21:16:35","modified_gmt":"2020-12-16T19:16:35","slug":"schulter","status":"publish","type":"page","link":"http:\/\/mobyfit.net\/physiotherapie-kusterdingen\/physio-beratung\/schulter\/","title":{"rendered":"Schulter"},"content":{"rendered":"<div id=\"pl-1177\"  class=\"panel-layout\" ><div id=\"pg-1177-0\"  class=\"panel-grid panel-no-style\" ><div id=\"pgc-1177-0-0\"  class=\"panel-grid-cell\" ><div id=\"panel-1177-0-0-0\" class=\"so-panel widget widget_text panel-first-child panel-last-child\" data-index=\"0\" ><h3 class=\"widget-title\">Schulterprobleme<\/h3>\t\t\t<div class=\"textwidget\"><div class=\"entry-content\">\n<div id=\"pl-1057\" class=\"panel-layout\">\n<div id=\"pg-1057-0\" class=\"panel-grid panel-no-style\">\n<div id=\"pgc-1057-0-0\" class=\"panel-grid-cell\">\n<div id=\"panel-1057-0-0-0\" class=\"so-panel widget widget_sow-editor panel-first-child panel-last-child\" data-index=\"0\">\n<div class=\"so-widget-sow-editor so-widget-sow-editor-base\">\n<div class=\"siteorigin-widget-tinymce textwidget\">\n\n\t\t<style type=\"text\/css\">\n\t\t\t#gallery-1 {\n\t\t\t\tmargin: auto;\n\t\t\t}\n\t\t\t#gallery-1 .gallery-item {\n\t\t\t\tfloat: left;\n\t\t\t\tmargin-top: 10px;\n\t\t\t\ttext-align: center;\n\t\t\t\twidth: 33%;\n\t\t\t}\n\t\t\t#gallery-1 img {\n\t\t\t\tborder: 2px solid #cfcfcf;\n\t\t\t}\n\t\t\t#gallery-1 .gallery-caption {\n\t\t\t\tmargin-left: 0;\n\t\t\t}\n\t\t\t\/* see gallery_shortcode() in wp-includes\/media.php *\/\n\t\t<\/style>\n\t\t<div id='gallery-1' class='gallery galleryid-0 gallery-columns-3 gallery-size-thumbnail'><dl class='gallery-item'>\n\t\t\t<dt class='gallery-icon portrait'>\n\t\t\t\t<a href='http:\/\/mobyfit.net\/physiotherapie-kusterdingen\/schulter-vorne\/'><img loading=\"lazy\" decoding=\"async\" width=\"150\" height=\"150\" src=\"http:\/\/mobyfit.net\/wp-content\/uploads\/Schulter-vorne-150x150.jpg\" class=\"attachment-thumbnail size-thumbnail\" alt=\"\" \/><\/a>\n\t\t\t<\/dt><\/dl><dl class='gallery-item'>\n\t\t\t<dt class='gallery-icon portrait'>\n\t\t\t\t<a href='http:\/\/mobyfit.net\/physiotherapie-kusterdingen\/schulter-u-schulterblatt-von-vorne\/'><img loading=\"lazy\" decoding=\"async\" width=\"150\" height=\"150\" src=\"http:\/\/mobyfit.net\/wp-content\/uploads\/Schulter-u.Schulterblatt-von-vorne-150x150.jpg\" class=\"attachment-thumbnail size-thumbnail\" alt=\"\" \/><\/a>\n\t\t\t<\/dt><\/dl><dl class='gallery-item'>\n\t\t\t<dt class='gallery-icon landscape'>\n\t\t\t\t<a href='http:\/\/mobyfit.net\/physiotherapie-kusterdingen\/rabenschnabel\/'><img loading=\"lazy\" decoding=\"async\" width=\"150\" height=\"150\" src=\"http:\/\/mobyfit.net\/wp-content\/uploads\/Rabenschnabel-150x150.jpg\" class=\"attachment-thumbnail size-thumbnail\" alt=\"\" \/><\/a>\n\t\t\t<\/dt><\/dl><br style=\"clear: both\" \/><dl class='gallery-item'>\n\t\t\t<dt class='gallery-icon portrait'>\n\t\t\t\t<a href='http:\/\/mobyfit.net\/physiotherapie-kusterdingen\/schultergelenk2\/'><img loading=\"lazy\" decoding=\"async\" width=\"150\" height=\"150\" src=\"http:\/\/mobyfit.net\/wp-content\/uploads\/Schultergelenk2-150x150.jpg\" class=\"attachment-thumbnail size-thumbnail\" alt=\"\" \/><\/a>\n\t\t\t<\/dt><\/dl><dl class='gallery-item'>\n\t\t\t<dt class='gallery-icon portrait'>\n\t\t\t\t<a href='http:\/\/mobyfit.net\/physiotherapie-kusterdingen\/schultergelenk\/'><img loading=\"lazy\" decoding=\"async\" width=\"150\" height=\"150\" src=\"http:\/\/mobyfit.net\/wp-content\/uploads\/Schultergelenk-150x150.jpg\" class=\"attachment-thumbnail size-thumbnail\" alt=\"\" \/><\/a>\n\t\t\t<\/dt><\/dl><dl class='gallery-item'>\n\t\t\t<dt class='gallery-icon portrait'>\n\t\t\t\t<a href='http:\/\/mobyfit.net\/physiotherapie-kusterdingen\/schulterblatt-2\/'><img loading=\"lazy\" decoding=\"async\" width=\"150\" height=\"150\" src=\"http:\/\/mobyfit.net\/wp-content\/uploads\/Schulterblatt-2-150x150.jpg\" class=\"attachment-thumbnail size-thumbnail\" alt=\"\" \/><\/a>\n\t\t\t<\/dt><\/dl><br style=\"clear: both\" \/><dl class='gallery-item'>\n\t\t\t<dt class='gallery-icon portrait'>\n\t\t\t\t<a href='http:\/\/mobyfit.net\/physiotherapie-kusterdingen\/hand\/'><img loading=\"lazy\" decoding=\"async\" width=\"150\" height=\"150\" src=\"http:\/\/mobyfit.net\/wp-content\/uploads\/Hand-150x150.jpg\" class=\"attachment-thumbnail size-thumbnail\" alt=\"\" \/><\/a>\n\t\t\t<\/dt><\/dl><dl class='gallery-item'>\n\t\t\t<dt class='gallery-icon landscape'>\n\t\t\t\t<a href='http:\/\/mobyfit.net\/physiotherapie-kusterdingen\/unterarmnerven\/'><img loading=\"lazy\" decoding=\"async\" width=\"150\" height=\"150\" src=\"http:\/\/mobyfit.net\/wp-content\/uploads\/Unterarmnerven-150x150.jpg\" class=\"attachment-thumbnail size-thumbnail\" alt=\"\" \/><\/a>\n\t\t\t<\/dt><\/dl><dl class='gallery-item'>\n\t\t\t<dt class='gallery-icon portrait'>\n\t\t\t\t<a href='http:\/\/mobyfit.net\/physiotherapie-kusterdingen\/nervus-radialis\/'><img loading=\"lazy\" decoding=\"async\" width=\"150\" height=\"150\" src=\"http:\/\/mobyfit.net\/wp-content\/uploads\/nervus.radialis-150x150.jpg\" class=\"attachment-thumbnail size-thumbnail\" alt=\"\" \/><\/a>\n\t\t\t<\/dt><\/dl><br style=\"clear: both\" \/><dl class='gallery-item'>\n\t\t\t<dt class='gallery-icon portrait'>\n\t\t\t\t<a href='http:\/\/mobyfit.net\/physiotherapie-kusterdingen\/halsmuskeln\/'><img loading=\"lazy\" decoding=\"async\" width=\"150\" height=\"150\" src=\"http:\/\/mobyfit.net\/wp-content\/uploads\/Halsmuskeln-150x150.jpg\" class=\"attachment-thumbnail size-thumbnail\" alt=\"\" \/><\/a>\n\t\t\t<\/dt><\/dl>\n\t\t\t<br style='clear: both' \/>\n\t\t<\/div>\n\n<p>DIE SCHULTER<\/p>\n<p>Die Schulter besteht aus dem Schulterblatt,dem Schl\u00fcsselbein\u00a0und dem Schultergelenk.\u00a0Alle 3 Bestandteile arbeiten in einem fein aufeinander abgestimmten Team.\u00a0Das Schulterblatt gibt dem Oberarmkopf zwei Gelenkfl\u00e4chen.\u00a0Einmal ist da eine kleine Pfanne an der Au\u00dfenseite des Schulterblatts und zum anderen stellt das Schulterblatt mit seinem\u00a0Dach f\u00fcr den Oberarmkopf eine Gelenkfl\u00e4che zur Verf\u00fcgung.\u00a0Die beiden Schulterbl\u00e4tter werden von platten, in viele Richtungen wirkenden Muskeln am Brustkorb gehalten und k\u00f6nnen in alle Richtungen gleiten.Dabei geben sie den Armen die Sicherheit und\u00a0Kraft, alles zu erreichen.<br \/>\nVorne am K\u00f6rper empf\u00e4ngt das Schl\u00fcsselbein -l\u00e4nglich mit einer\u00a0leicht gedrehten Biegung- das Schulterblatt gelenkig und h\u00e4lt sich mit seiner zweiten Seite vorne am oberen Teil des Brustbeins fest.\u00a0Wenn man einen Menschen von oben sieht, liegt der Schulterg\u00fcrtel\u00a0wie eine Ellipse um den Hals.<br \/>\nRechts und links befinden sich die beiden Schulterblattd\u00e4cher.\u00a0Hinten sind die beiden oberen R\u00e4nder der Schulterbl\u00e4tter, und vorn\u00a0m\u00fcnden die beiden Schl\u00fcsselbeine ins Brustbein.\u00a0Alle Anteile sind hoch beweglich, da sie von verschiedenst angelegten Muskeln, auch in verschiedenen Schichten hoch komplexe Bewegungen leisten k\u00f6nnen.<\/p>\n<p>Der Brustkorb und die damit verbundene Wirbels\u00e4ule sind Tr\u00e4ger\u00a0des Schulterg\u00fcrtels.\u00a0Da die Halswirbels\u00e4ule und der Kopf muskul\u00e4r eng mit dem Schulterg\u00fcrtel verbunden sind, k\u00f6nnen Bewegungen des Kopfes,\u00a0des Brustkorbs oder der Arme nicht isoliert vorkommen.\u00a0Kein Muskel kann hier ohne den anderen arbeiten. Entweder statisch oder dynamisch.<br \/>\nBeeintr\u00e4chtigungen durch Unf\u00e4lle, Arthrosen oder Entz\u00fcndungen\u00a0bed\u00fcrfen daher einer genauen funktionellen Befundung, da das Netzwerk von Sehnen, Muskeln, Gef\u00e4\u00dfen und\u00a0 Kleingelenken immer\u00a0zusammenh\u00e4ngend reagieren.\u00a0Hier sind die Ursachenbehebungen der Schl\u00fcssel zur gesunden\u00a0Funktion. Sei es eine pr\u00e4zise Operation oder muskul\u00e4re manuelle\u00a0Therapieformen.<\/p>\n<p>PERIARTHRITIS HUMEROSCAPULARIS oder IMPINGEMENTSYNDROM<\/p>\n<p>Mit starken schmerzhaften Bewegungseinschr\u00e4nkungen gehen\u00a0Sehnenentz\u00fcndungen im Schulterblattbereich dort einher, wo der\u00a0Oberarmkopf unter dem Schulterblattdach verschwindet und einen Teil des Gelenkes bildet.\u00a0Um die vielf\u00e4ltige, mitunter harte Arbeit von Armen und H\u00e4nden\u00a0zu gew\u00e4hrleisten, f\u00fchren starke Muskeln und Sehnen unter das Schulterblattdach und verwachsen dort auf dem Oberarmkopf\u00a0\u00fcber eine Sehnenplatte.\u00a0Wird es unter dem Dach zu eng, entsteht Reibung und auf l\u00e4ngere Sicht Entz\u00fcndung bis hin zur Verkalkung.\u00a0Im Stadium von Reibung und Entz\u00fcndung k\u00f6nnen die Funktionen\u00a0wieder voll hergestellt werden.\u00a0Verkalkungen k\u00f6nnen gro\u00dfe Beschwerden machen, die aber auch\u00a0physiotherapeutisch immer noch eine Chance mit sich bringen. Der Oberarmkopf kann ungehindert gleiten, wenn muskul\u00e4r der Platz unter dem Schulterblattdach gew\u00e4hrleistet ist und das passiert am sichersten in der Bewahrung der aufrechten Haltung auch bei der Arbeit.<\/p>\n<\/div>\n<\/div>\n<\/div>\n<\/div>\n<\/div>\n<\/div>\n<\/div>\n<\/div>\n\t\t<\/div><\/div><\/div><\/div>","protected":false},"excerpt":{"rendered":"<p>DIE SCHULTER Die Schulter besteht aus dem Schulterblatt,dem Schl\u00fcsselbein\u00a0und dem Schultergelenk.\u00a0Alle 3 Bestandteile arbeiten in einem fein aufeinander abgestimmten Team.\u00a0Das Schulterblatt gibt dem Oberarmkopf zwei Gelenkfl\u00e4chen.\u00a0Einmal ist da eine kleine Pfanne an der Au\u00dfenseite des Schulterblatts und zum anderen stellt das Schulterblatt mit seinem\u00a0Dach f\u00fcr den Oberarmkopf eine Gelenkfl\u00e4che zur Verf\u00fcgung.\u00a0Die beiden Schulterbl\u00e4tter werden von [&hellip;]<\/p>\n","protected":false},"author":7,"featured_media":0,"parent":1060,"menu_order":0,"comment_status":"closed","ping_status":"closed","template":"","meta":{"footnotes":""},"class_list":["post-1177","page","type-page","status-publish","hentry","post"],"_links":{"self":[{"href":"http:\/\/mobyfit.net\/physiotherapie-kusterdingen\/wp-json\/wp\/v2\/pages\/1177","targetHints":{"allow":["GET"]}}],"collection":[{"href":"http:\/\/mobyfit.net\/physiotherapie-kusterdingen\/wp-json\/wp\/v2\/pages"}],"about":[{"href":"http:\/\/mobyfit.net\/physiotherapie-kusterdingen\/wp-json\/wp\/v2\/types\/page"}],"author":[{"embeddable":true,"href":"http:\/\/mobyfit.net\/physiotherapie-kusterdingen\/wp-json\/wp\/v2\/users\/7"}],"replies":[{"embeddable":true,"href":"http:\/\/mobyfit.net\/physiotherapie-kusterdingen\/wp-json\/wp\/v2\/comments?post=1177"}],"version-history":[{"count":0,"href":"http:\/\/mobyfit.net\/physiotherapie-kusterdingen\/wp-json\/wp\/v2\/pages\/1177\/revisions"}],"up":[{"embeddable":true,"href":"http:\/\/mobyfit.net\/physiotherapie-kusterdingen\/wp-json\/wp\/v2\/pages\/1060"}],"wp:attachment":[{"href":"http:\/\/mobyfit.net\/physiotherapie-kusterdingen\/wp-json\/wp\/v2\/media?parent=1177"}],"curies":[{"name":"wp","href":"https:\/\/api.w.org\/{rel}","templated":true}]}}