{"id":1060,"date":"2020-01-24T17:11:59","date_gmt":"2020-01-24T15:11:59","guid":{"rendered":"http:\/\/mobyfit.net\/?page_id=1060"},"modified":"2022-09-26T11:35:57","modified_gmt":"2022-09-26T09:35:57","slug":"physio-beratung","status":"publish","type":"page","link":"http:\/\/mobyfit.net\/physiotherapie-kusterdingen\/physio-beratung\/","title":{"rendered":"Infos zur Physio-Beratung"},"content":{"rendered":"<div id=\"pl-1060\"  class=\"panel-layout\" ><div id=\"pg-1060-0\"  class=\"panel-grid panel-no-style\" ><div id=\"pgc-1060-0-0\"  class=\"panel-grid-cell\" ><div id=\"panel-1060-0-0-0\" class=\"so-panel widget widget_sow-editor panel-first-child panel-last-child\" data-index=\"0\" ><div\n\t\t\t\n\t\t\tclass=\"so-widget-sow-editor so-widget-sow-editor-base\"\n\t\t\t\n\t\t>\n<div class=\"siteorigin-widget-tinymce textwidget\">\n\t<p>Physio-Beratung bei akuten Fragen und Problemen.<br \/>\nNutzen Sie 35 Jahre Berufserfahrung.<br \/>\nRechts habe ich f\u00fcr Sie n\u00fctzliche Informationen zur Verf\u00fcgung gestellt, die das Gespr\u00e4ch w\u00e4hrend einer Behandlung unterst\u00fctzen k\u00f6nnen.<br \/>\nIn den Artikeln sind Bilder von den K\u00f6rperpartien zu sehen. Es kann sinnvoll sein, diese Bilder vor einer Behandlung aufzurufen, damit Sie anhand der Abbildungen die Problematik besser verstehen k\u00f6nnen.<\/p>\n<\/div>\n<\/div><\/div><\/div><div id=\"pgc-1060-0-1\"  class=\"panel-grid-cell\" ><div id=\"panel-1060-0-1-0\" class=\"so-panel widget widget_sow-editor panel-first-child panel-last-child\" data-index=\"1\" ><div\n\t\t\t\n\t\t\tclass=\"so-widget-sow-editor so-widget-sow-editor-base\"\n\t\t\t\n\t\t>\n<div class=\"siteorigin-widget-tinymce textwidget\">\n\t<p><a href=\"http:\/\/mobyfit.net\/physiotherapie-kusterdingen\/physio-beratung\/schulter\/\">Schulterprobleme<\/a><\/p>\n<p><a href=\"http:\/\/mobyfit.net\/physiotherapie-kusterdingen\/hexenschuss\/\">Hexenschu\u00df<\/a><\/p>\n<p><a href=\"http:\/\/mobyfit.net\/physiotherapie-kusterdingen\/aufrichtung\/\">Aufrichtung<\/a><\/p>\n<p><a href=\"http:\/\/mobyfit.net\/physiotherapie-kusterdingen\/bauchmuskeln-tragen-unseren-koerper\/\">Bauchmuskeln tragen unseren K\u00f6rper<\/a><\/p>\n<p><a href=\"http:\/\/mobyfit.net\/physiotherapie-kusterdingen\/knie\/\">Knie<\/a><\/p>\n<p><a href=\"http:\/\/mobyfit.net\/physiotherapie-kusterdingen\/fussprobleme\/\">Fu\u00dfprobleme<\/a><\/p>\n<\/div>\n<\/div><\/div><\/div><\/div><\/div>","protected":false},"excerpt":{"rendered":"<p>Physio-Beratung bei akuten Fragen und Problemen. Nutzen Sie 35 Jahre Berufserfahrung. Rechts habe ich f\u00fcr Sie n\u00fctzliche Informationen zur Verf\u00fcgung gestellt, die das Gespr\u00e4ch w\u00e4hrend einer Behandlung unterst\u00fctzen k\u00f6nnen. In den Artikeln sind Bilder von den K\u00f6rperpartien zu sehen. Es kann sinnvoll sein, diese Bilder vor einer Behandlung aufzurufen, damit Sie anhand der Abbildungen die [&hellip;]<\/p>\n","protected":false},"author":7,"featured_media":0,"parent":0,"menu_order":0,"comment_status":"closed","ping_status":"closed","template":"","meta":{"footnotes":""},"class_list":["post-1060","page","type-page","status-publish","hentry","post"],"_links":{"self":[{"href":"http:\/\/mobyfit.net\/physiotherapie-kusterdingen\/wp-json\/wp\/v2\/pages\/1060","targetHints":{"allow":["GET"]}}],"collection":[{"href":"http:\/\/mobyfit.net\/physiotherapie-kusterdingen\/wp-json\/wp\/v2\/pages"}],"about":[{"href":"http:\/\/mobyfit.net\/physiotherapie-kusterdingen\/wp-json\/wp\/v2\/types\/page"}],"author":[{"embeddable":true,"href":"http:\/\/mobyfit.net\/physiotherapie-kusterdingen\/wp-json\/wp\/v2\/users\/7"}],"replies":[{"embeddable":true,"href":"http:\/\/mobyfit.net\/physiotherapie-kusterdingen\/wp-json\/wp\/v2\/comments?post=1060"}],"version-history":[{"count":0,"href":"http:\/\/mobyfit.net\/physiotherapie-kusterdingen\/wp-json\/wp\/v2\/pages\/1060\/revisions"}],"wp:attachment":[{"href":"http:\/\/mobyfit.net\/physiotherapie-kusterdingen\/wp-json\/wp\/v2\/media?parent=1060"}],"curies":[{"name":"wp","href":"https:\/\/api.w.org\/{rel}","templated":true}]}}